{"id":7,"date":"2026-04-24T06:44:43","date_gmt":"2026-04-24T06:44:43","guid":{"rendered":"https:\/\/testisivusto.kmghost.com\/?page_id=7"},"modified":"2026-04-24T06:46:18","modified_gmt":"2026-04-24T06:46:18","slug":"laskuri","status":"publish","type":"page","link":"https:\/\/testisivusto.kmghost.com\/","title":{"rendered":"Laskuri"},"content":{"rendered":"<style>.wp-block-kadence-advancedheading.kt-adv-heading7_91f2b2-f2, .wp-block-kadence-advancedheading.kt-adv-heading7_91f2b2-f2[data-kb-block=\"kb-adv-heading7_91f2b2-f2\"]{text-align:center;font-style:normal;}.wp-block-kadence-advancedheading.kt-adv-heading7_91f2b2-f2 mark.kt-highlight, .wp-block-kadence-advancedheading.kt-adv-heading7_91f2b2-f2[data-kb-block=\"kb-adv-heading7_91f2b2-f2\"] mark.kt-highlight{font-style:normal;color:#f76a0c;-webkit-box-decoration-break:clone;box-decoration-break:clone;padding-top:0px;padding-right:0px;padding-bottom:0px;padding-left:0px;}.wp-block-kadence-advancedheading.kt-adv-heading7_91f2b2-f2 img.kb-inline-image, .wp-block-kadence-advancedheading.kt-adv-heading7_91f2b2-f2[data-kb-block=\"kb-adv-heading7_91f2b2-f2\"] img.kb-inline-image{width:150px;vertical-align:baseline;}<\/style>\n<h1 class=\"kt-adv-heading7_91f2b2-f2 wp-block-kadence-advancedheading\" data-kb-block=\"kb-adv-heading7_91f2b2-f2\">Laskuri<\/h1>\n\n\n\n<div class=\"etl-laskuri\"\n\tid=\"etl-laskuri\"\n\tdata-nonce=\"9deeb16d5f\"\n\tdata-ajaxurl=\"https:\/\/testisivusto.kmghost.com\/wp-admin\/admin-ajax.php\"\n\tdata-recipient=\"tony@kmg.fi\">\n\n\t<form id=\"etl-form\" novalidate>\n\n\t\t<div class=\"etl-kentta\">\n\t\t\t<label class=\"etl-otsikko\" for=\"etl-pinta-ala\">Rakennuksen pinta-ala<\/label>\n\t\t\t<select id=\"etl-pinta-ala\" class=\"etl-syote etl-select\" required>\n\t\t\t\t<option value=\"\" disabled selected>Valitse pinta-ala<\/option>\n\t\t\t\t<option value=\"79\">Alle 80 m\u00b2<\/option>\n\t\t\t\t<option value=\"80\">80\u2013120 m\u00b2<\/option>\n\t\t\t\t<option value=\"120\">120\u2013200 m\u00b2<\/option>\n\t\t\t\t<option value=\"200\">200\u2013280 m\u00b2<\/option>\n\t\t\t\t<option value=\"280\">280\u2013320 m\u00b2<\/option>\n\t\t\t\t<option value=\"320\">320\u2013380 m\u00b2<\/option>\n\t\t\t\t<option value=\"380\">380\u2013500 m\u00b2<\/option>\n\t\t\t\t<option value=\"500\">500\u2013700 m\u00b2<\/option>\n\t\t\t\t<option value=\"700\">700\u20131 000 m\u00b2<\/option>\n\t\t\t\t<option value=\"1000\">1 000\u20131 500 m\u00b2<\/option>\n\t\t\t\t<option value=\"1500\">1 500\u20132 000 m\u00b2<\/option>\n\t\t\t\t<option value=\"2000\">2 000\u20132 500 m\u00b2<\/option>\n\t\t\t<\/select>\n\t\t<\/div>\n\n\t\t<fieldset class=\"etl-kentta\">\n\t\t\t<legend class=\"etl-otsikko\">Sijainti<\/legend>\n\t\t\t<label class=\"etl-vaihtoehto\">\n\t\t\t\t<input type=\"radio\" name=\"etl-sijainti\" value=\"varsinais-suomi\" checked \/>\n\t\t\t\t<span>Varsinais-Suomi<\/span>\n\t\t\t<\/label>\n\t\t\t<label class=\"etl-vaihtoehto\">\n\t\t\t\t<input type=\"radio\" name=\"etl-sijainti\" value=\"muu\" \/>\n\t\t\t\t<span>Muu sijainti <em>(pyyd\u00e4 tarjous)<\/em><\/span>\n\t\t\t<\/label>\n\t\t<\/fieldset>\n\n\t\t<fieldset class=\"etl-kentta\">\n\t\t\t<legend class=\"etl-otsikko\">Piirustukset<\/legend>\n\t\t\t<label class=\"etl-vaihtoehto\">\n\t\t\t\t<input type=\"radio\" name=\"etl-piirustukset\" value=\"ajantasalla\" checked \/>\n\t\t\t\t<span>Ajantasalla olevat piirustukset<\/span>\n\t\t\t<\/label>\n\t\t\t<label class=\"etl-vaihtoehto\">\n\t\t\t\t<input type=\"radio\" name=\"etl-piirustukset\" value=\"ei-piirustuksia\" \/>\n\t\t\t\t<span>Rakennuksesta ei ole valmiita piirustuksia <em>(pyyd\u00e4 tarjous)<\/em><\/span>\n\t\t\t<\/label>\n\t\t<\/fieldset>\n\n\t\t<fieldset class=\"etl-kentta\">\n\t\t\t<legend class=\"etl-otsikko\">Energiatodistuksen tyyppi<\/legend>\n\t\t\t<label class=\"etl-vaihtoehto\">\n\t\t\t\t<input type=\"radio\" name=\"etl-tyyppi\" value=\"uusi-olemassa\" checked \/>\n\t\t\t\t<span>Uusi olemassa olevaan rakennukseen<\/span>\n\t\t\t<\/label>\n\t\t\t<label class=\"etl-vaihtoehto\">\n\t\t\t\t<input type=\"radio\" name=\"etl-tyyppi\" value=\"uusiminen\" \/>\n\t\t\t\t<span>Vanhan uusiminen<\/span>\n\t\t\t<\/label>\n\t\t\t<label class=\"etl-vaihtoehto\">\n\t\t\t\t<input type=\"radio\" name=\"etl-tyyppi\" value=\"uudisrakennus\" \/>\n\t\t\t\t<span>Uudisrakennus<\/span>\n\t\t\t<\/label>\n\t\t<\/fieldset>\n\n\t\t<fieldset class=\"etl-kentta\">\n\t\t\t<legend class=\"etl-otsikko\">Rekister\u00f6inti<\/legend>\n\t\t\t<label class=\"etl-vaihtoehto\">\n\t\t\t\t<input type=\"checkbox\" id=\"etl-rekisterointi\" \/>\n\t\t\t\t<span>Rekister\u00f6inti energiatodistusrekisteriin <strong>+45,00&nbsp;\u20ac<\/strong><\/span>\n\t\t\t<\/label>\n\t\t\t<p class=\"etl-ohje\">Tarvitaan mm. rakennusluvan hakemiseen tai talon myyntiin. Toimitamme energiatodistuksen s\u00e4hk\u00f6iseen energiatodistusrekisteriin.<\/p>\n\t\t<\/fieldset>\n\n\t\t<fieldset class=\"etl-kentta\">\n\t\t\t<legend class=\"etl-otsikko\">Laskun ja todistuksen toimitus<\/legend>\n\t\t\t<label class=\"etl-vaihtoehto\">\n\t\t\t\t<input type=\"radio\" name=\"etl-toimitus\" value=\"sahkopostilla\" checked \/>\n\t\t\t\t<span>S\u00e4hk\u00f6postilla<\/span>\n\t\t\t<\/label>\n\t\t\t<label class=\"etl-vaihtoehto\">\n\t\t\t\t<input type=\"radio\" name=\"etl-toimitus\" value=\"paperiversioina\" \/>\n\t\t\t\t<span>Paperiversioina <strong>+12,45&nbsp;\u20ac<\/strong><\/span>\n\t\t\t<\/label>\n\t\t<\/fieldset>\n\n\t\t<div class=\"etl-kentta\">\n\t\t\t<label class=\"etl-otsikko\" for=\"etl-ajankohta\">Toivottu ajankohta<\/label>\n\t\t\t<input type=\"date\" id=\"etl-ajankohta\" class=\"etl-syote\" \/>\n\t\t<\/div>\n\n\t\t<div class=\"etl-tulos\" id=\"etl-tulos\" aria-live=\"polite\"><\/div>\n\n\t\t<fieldset class=\"etl-kentta etl-kentta--yhteystiedot\">\n\t\t\t<legend class=\"etl-otsikko\">Yhteystiedot<\/legend>\n\t\t\t<div class=\"etl-yhteystiedot-grid\">\n\t\t\t\t<div class=\"etl-input-ryhma\">\n\t\t\t\t\t<label for=\"etl-etunimi\">Etunimi <span class=\"etl-pakollinen\" aria-label=\"pakollinen\">*<\/span><\/label>\n\t\t\t\t\t<input type=\"text\" id=\"etl-etunimi\" name=\"etl-etunimi\" autocomplete=\"given-name\" required \/>\n\t\t\t\t<\/div>\n\t\t\t\t<div class=\"etl-input-ryhma\">\n\t\t\t\t\t<label for=\"etl-sukunimi\">Sukunimi <span class=\"etl-pakollinen\" aria-label=\"pakollinen\">*<\/span><\/label>\n\t\t\t\t\t<input type=\"text\" id=\"etl-sukunimi\" name=\"etl-sukunimi\" autocomplete=\"family-name\" required \/>\n\t\t\t\t<\/div>\n\t\t\t\t<div class=\"etl-input-ryhma\">\n\t\t\t\t\t<label for=\"etl-puhelin\">Puhelinnumero <span class=\"etl-pakollinen\" aria-label=\"pakollinen\">*<\/span><\/label>\n\t\t\t\t\t<input type=\"tel\" id=\"etl-puhelin\" name=\"etl-puhelin\" autocomplete=\"tel\" required \/>\n\t\t\t\t<\/div>\n\t\t\t\t<div class=\"etl-input-ryhma\">\n\t\t\t\t\t<label for=\"etl-sahkoposti\">S\u00e4hk\u00f6posti <span class=\"etl-pakollinen\" aria-label=\"pakollinen\">*<\/span><\/label>\n\t\t\t\t\t<input type=\"email\" id=\"etl-sahkoposti\" name=\"etl-sahkoposti\" autocomplete=\"email\" required \/>\n\t\t\t\t<\/div>\n\t\t\t<\/div>\n\t\t<\/fieldset>\n\n\t\t<div class=\"etl-kentta etl-kentta--laheta\">\n\t\t\t<button type=\"submit\" id=\"etl-submit\" class=\"etl-nappi-laheta\">\n\t\t\t\tL\u00e4het\u00e4 tarjouspyynt\u00f6\n\t\t\t<\/button>\n\t\t\t<p class=\"etl-ohje\">* Pakolliset kent\u00e4t<\/p>\n\t\t<\/div>\n\n\t\t<div id=\"etl-viesti\" class=\"etl-viesti\" aria-live=\"polite\" role=\"status\"><\/div>\n\n\t<\/form>\n\n\t<div class=\"etl-sisaltaa\">\n\t\t<p class=\"etl-sisaltaa-otsikko\">Hinta sis\u00e4lt\u00e4\u00e4:<\/p>\n\t\t<ul>\n\t\t\t<li>Arvonlis\u00e4veron 25,5&nbsp;%<\/li>\n\t\t\t<li>Matkakulut<\/li>\n\t\t\t<li>Alkukartoituksen paikan p\u00e4\u00e4ll\u00e4<\/li>\n\t\t\t<li>Varke-muotoisen energiatodistuksen<\/li>\n\t\t<\/ul>\n\t\t<p>Maksuehto: 14&nbsp;pv netto<\/p>\n\t\t<p>Muu asiakkaan tilaama ty\u00f6 (esim. s\u00e4hk\u00f6verkon kuntotarkastus) <strong>125&nbsp;\u20ac\/tunti<\/strong><\/p>\n\t<\/div>\n\n<\/div>\n","protected":false},"excerpt":{"rendered":"<p>Laskuri<\/p>\n","protected":false},"author":1,"featured_media":0,"parent":0,"menu_order":0,"comment_status":"closed","ping_status":"closed","template":"","meta":{"_kad_post_transparent":"","_kad_post_title":"hide","_kad_post_layout":"","_kad_post_sidebar_id":"","_kad_post_content_style":"default","_kad_post_vertical_padding":"","_kad_post_feature":"","_kad_post_feature_position":"","_kad_post_header":true,"_kad_post_footer":true,"_kad_post_classname":"","footnotes":""},"class_list":["post-7","page","type-page","status-publish","hentry"],"_links":{"self":[{"href":"https:\/\/testisivusto.kmghost.com\/index.php?rest_route=\/wp\/v2\/pages\/7","targetHints":{"allow":["GET"]}}],"collection":[{"href":"https:\/\/testisivusto.kmghost.com\/index.php?rest_route=\/wp\/v2\/pages"}],"about":[{"href":"https:\/\/testisivusto.kmghost.com\/index.php?rest_route=\/wp\/v2\/types\/page"}],"author":[{"embeddable":true,"href":"https:\/\/testisivusto.kmghost.com\/index.php?rest_route=\/wp\/v2\/users\/1"}],"replies":[{"embeddable":true,"href":"https:\/\/testisivusto.kmghost.com\/index.php?rest_route=%2Fwp%2Fv2%2Fcomments&post=7"}],"version-history":[{"count":3,"href":"https:\/\/testisivusto.kmghost.com\/index.php?rest_route=\/wp\/v2\/pages\/7\/revisions"}],"predecessor-version":[{"id":10,"href":"https:\/\/testisivusto.kmghost.com\/index.php?rest_route=\/wp\/v2\/pages\/7\/revisions\/10"}],"wp:attachment":[{"href":"https:\/\/testisivusto.kmghost.com\/index.php?rest_route=%2Fwp%2Fv2%2Fmedia&parent=7"}],"curies":[{"name":"wp","href":"https:\/\/api.w.org\/{rel}","templated":true}]}}